{"id":1277,"date":"2023-02-18T14:44:23","date_gmt":"2023-02-18T14:44:23","guid":{"rendered":"https:\/\/digitaladvantage.com.tr\/demo2\/about\/"},"modified":"2024-11-04T15:05:41","modified_gmt":"2024-11-04T12:05:41","slug":"about","status":"publish","type":"page","link":"https:\/\/digitaladvantage.com.tr\/en\/about\/","title":{"rendered":"About"},"content":{"rendered":"\t\t<div data-elementor-type=\"wp-page\" data-elementor-id=\"1277\" class=\"elementor elementor-1277\">\n\t\t\t\t\t\t<section class=\"elementor-section elementor-top-section elementor-element elementor-element-1b6fdc6 elementor-section-full_width elementor-section-height-default elementor-section-height-default\" data-id=\"1b6fdc6\" data-element_type=\"section\">\n\t\t\t\t\t\t<div class=\"elementor-container elementor-column-gap-default\">\n\t\t\t\t\t<div class=\"elementor-column elementor-col-100 elementor-top-column elementor-element elementor-element-e46c446\" data-id=\"e46c446\" data-element_type=\"column\">\n\t\t\t<div class=\"elementor-widget-wrap elementor-element-populated\">\n\t\t\t\t\t\t<section class=\"elementor-section elementor-inner-section elementor-element elementor-element-d76d449 elementor-section-boxed elementor-section-height-default elementor-section-height-default\" data-id=\"d76d449\" data-element_type=\"section\">\n\t\t\t\t\t\t<div class=\"elementor-container elementor-column-gap-default\">\n\t\t\t\t\t<div class=\"elementor-column elementor-col-100 elementor-inner-column elementor-element elementor-element-4532793\" data-id=\"4532793\" data-element_type=\"column\">\n\t\t\t<div class=\"elementor-widget-wrap elementor-element-populated\">\n\t\t\t\t\t\t<div class=\"elementor-element elementor-element-daedffa elementor-widget elementor-widget-heading\" data-id=\"daedffa\" data-element_type=\"widget\" data-widget_type=\"heading.default\">\n\t\t\t\t<div class=\"elementor-widget-container\">\n\t\t\t\t\t<h5 class=\"elementor-heading-title elementor-size-default\">WE'RE HERE FOR YOU!<\/h5>\t\t\t\t<\/div>\n\t\t\t\t<\/div>\n\t\t\t\t\t<\/div>\n\t\t<\/div>\n\t\t\t\t\t<\/div>\n\t\t<\/section>\n\t\t\t\t<section class=\"elementor-section elementor-inner-section elementor-element elementor-element-1910015 elementor-section-boxed elementor-section-height-default elementor-section-height-default\" data-id=\"1910015\" data-element_type=\"section\" data-settings=\"{&quot;background_background&quot;:&quot;classic&quot;}\">\n\t\t\t\t\t\t\t<div class=\"elementor-background-overlay\"><\/div>\n\t\t\t\t\t\t\t<div class=\"elementor-container elementor-column-gap-default\">\n\t\t\t\t\t<div class=\"elementor-column elementor-col-50 elementor-inner-column elementor-element elementor-element-9a32dfa\" data-id=\"9a32dfa\" data-element_type=\"column\" data-settings=\"{&quot;background_background&quot;:&quot;classic&quot;}\">\n\t\t\t<div class=\"elementor-widget-wrap elementor-element-populated\">\n\t\t\t\t\t\t<div class=\"elementor-element elementor-element-a8e1494 elementor-widget-divider--view-line elementor-widget elementor-widget-divider\" data-id=\"a8e1494\" data-element_type=\"widget\" data-widget_type=\"divider.default\">\n\t\t\t\t<div class=\"elementor-widget-container\">\n\t\t\t\t\t\t\t<div class=\"elementor-divider\">\n\t\t\t<span class=\"elementor-divider-separator\">\n\t\t\t\t\t\t<\/span>\n\t\t<\/div>\n\t\t\t\t\t\t<\/div>\n\t\t\t\t<\/div>\n\t\t\t\t\t<\/div>\n\t\t<\/div>\n\t\t\t\t<div class=\"elementor-column elementor-col-50 elementor-inner-column elementor-element elementor-element-9026f47\" data-id=\"9026f47\" data-element_type=\"column\">\n\t\t\t<div class=\"elementor-widget-wrap elementor-element-populated\">\n\t\t\t\t\t\t<div class=\"elementor-element elementor-element-ff5b7a4 elementor-widget elementor-widget-text-editor\" data-id=\"ff5b7a4\" data-element_type=\"widget\" data-widget_type=\"text-editor.default\">\n\t\t\t\t<div class=\"elementor-widget-container\">\n\t\t\t\t\t\t\t\t\t<p>Advantage Digital Agency is a digital marketing agency with over 10 years of experience, serving countries worldwide, including Turkey, Germany, the United Kingdom, and the United States. We specialize in helping businesses of all sizes reach their marketing goals through innovative digital strategies and tactics.<br \/><br \/><\/p><p>Our team of seasoned professionals is committed to delivering exceptional service and achieving measurable results. We take pride in staying up-to-date with the latest industry trends and technologies to ensure our clients stay ahead of their competition.<\/p><p><br \/>As Advantage Digital Agency, we offer professional services in delivering digital marketing solutions to help businesses thrive in the online world.<\/p><p><br \/>\u00a0From strategic planning and SEO optimization to social media management and content creation, including Google Ads and Meta Ads, our expert team is dedicated to producing results and enhancing your online presence.<\/p><p><br \/>Choose Advantage Digital Agency and gain the competitive edge necessary to succeed in the digital landscape.<\/p><p><br \/>Contact us today to discover how we can assist your business in thriving online.<\/p>\t\t\t\t\t\t\t\t<\/div>\n\t\t\t\t<\/div>\n\t\t\t\t<div class=\"elementor-element elementor-element-b61b00f elementor-widget elementor-widget-text-editor\" data-id=\"b61b00f\" data-element_type=\"widget\" data-widget_type=\"text-editor.default\">\n\t\t\t\t<div class=\"elementor-widget-container\">\n\t\t\t\t\t\t\t\t\tSeval K\u0131l\u0131n\u00e7 <br><span class=\"\">\nDigital Marketing Specialist &amp; Founder of Advantage Digital <\/span>\t\t\t\t\t\t\t\t<\/div>\n\t\t\t\t<\/div>\n\t\t\t\t\t<\/div>\n\t\t<\/div>\n\t\t\t\t\t<\/div>\n\t\t<\/section>\n\t\t\t\t\t<\/div>\n\t\t<\/div>\n\t\t\t\t\t<\/div>\n\t\t<\/section>\n\t\t\t\t<\/div>\n\t\t","protected":false},"excerpt":{"rendered":"<p>WE&#8217;RE HERE FOR YOU! Advantage Digital Agency is a digital marketing agency with over 10 years of experience, serving countries worldwide, including Turkey, Germany, the United Kingdom, and the United States. We specialize in helping businesses of all sizes reach their marketing goals through innovative digital strategies and tactics. Our<span class=\"more-dots\">&#8230;<\/span><\/p>\n","protected":false},"author":1,"featured_media":0,"parent":0,"menu_order":0,"comment_status":"closed","ping_status":"closed","template":"page-templates\/full-width.php","meta":{"footnotes":""},"class_list":["post-1277","page","type-page","status-publish","hentry"],"yoast_head":"<!-- This site is optimized with the Yoast SEO plugin v25.7 - https:\/\/yoast.com\/wordpress\/plugins\/seo\/ -->\n<title>About - Digital Advantage Agency<\/title>\n<meta name=\"robots\" content=\"index, follow, max-snippet:-1, max-image-preview:large, max-video-preview:-1\" \/>\n<link rel=\"canonical\" href=\"https:\/\/digitaladvantage.com.tr\/en\/about\/\" \/>\n<meta property=\"og:locale\" content=\"en_US\" \/>\n<meta property=\"og:type\" content=\"article\" \/>\n<meta property=\"og:title\" content=\"About - Digital Advantage Agency\" \/>\n<meta property=\"og:description\" content=\"WE&#8217;RE HERE FOR YOU! Advantage Digital Agency is a digital marketing agency with over 10 years of experience, serving countries worldwide, including Turkey, Germany, the United Kingdom, and the United States. We specialize in helping businesses of all sizes reach their marketing goals through innovative digital strategies and tactics. Our...\" \/>\n<meta property=\"og:url\" content=\"https:\/\/digitaladvantage.com.tr\/en\/about\/\" \/>\n<meta property=\"og:site_name\" content=\"Digital Advantage Agency\" \/>\n<meta property=\"article:modified_time\" content=\"2024-11-04T12:05:41+00:00\" \/>\n<meta name=\"twitter:card\" content=\"summary_large_image\" \/>\n<meta name=\"twitter:label1\" content=\"Est. reading time\" \/>\n\t<meta name=\"twitter:data1\" content=\"1 minute\" \/>\n<script type=\"application\/ld+json\" class=\"yoast-schema-graph\">{\"@context\":\"https:\/\/schema.org\",\"@graph\":[{\"@type\":\"WebPage\",\"@id\":\"https:\/\/digitaladvantage.com.tr\/en\/about\/\",\"url\":\"https:\/\/digitaladvantage.com.tr\/en\/about\/\",\"name\":\"About - Digital Advantage Agency\",\"isPartOf\":{\"@id\":\"https:\/\/digitaladvantage.com.tr\/en\/#website\"},\"datePublished\":\"2023-02-18T14:44:23+00:00\",\"dateModified\":\"2024-11-04T12:05:41+00:00\",\"breadcrumb\":{\"@id\":\"https:\/\/digitaladvantage.com.tr\/en\/about\/#breadcrumb\"},\"inLanguage\":\"en-US\",\"potentialAction\":[{\"@type\":\"ReadAction\",\"target\":[\"https:\/\/digitaladvantage.com.tr\/en\/about\/\"]}]},{\"@type\":\"BreadcrumbList\",\"@id\":\"https:\/\/digitaladvantage.com.tr\/en\/about\/#breadcrumb\",\"itemListElement\":[{\"@type\":\"ListItem\",\"position\":1,\"name\":\"Home\",\"item\":\"https:\/\/digitaladvantage.com.tr\/en\/\"},{\"@type\":\"ListItem\",\"position\":2,\"name\":\"About\"}]},{\"@type\":\"WebSite\",\"@id\":\"https:\/\/digitaladvantage.com.tr\/en\/#website\",\"url\":\"https:\/\/digitaladvantage.com.tr\/en\/\",\"name\":\"Digital Advantage Agency\",\"description\":\"\",\"publisher\":{\"@id\":\"https:\/\/digitaladvantage.com.tr\/en\/#organization\"},\"potentialAction\":[{\"@type\":\"SearchAction\",\"target\":{\"@type\":\"EntryPoint\",\"urlTemplate\":\"https:\/\/digitaladvantage.com.tr\/en\/?s={search_term_string}\"},\"query-input\":{\"@type\":\"PropertyValueSpecification\",\"valueRequired\":true,\"valueName\":\"search_term_string\"}}],\"inLanguage\":\"en-US\"},{\"@type\":\"Organization\",\"@id\":\"https:\/\/digitaladvantage.com.tr\/en\/#organization\",\"name\":\"Digital Advantage Agency\",\"url\":\"https:\/\/digitaladvantage.com.tr\/en\/\",\"logo\":{\"@type\":\"ImageObject\",\"inLanguage\":\"en-US\",\"@id\":\"https:\/\/digitaladvantage.com.tr\/en\/#\/schema\/logo\/image\/\",\"url\":\"https:\/\/digitaladvantage.com.tr\/en\/wp-content\/uploads\/2023\/10\/logo-1.png\",\"contentUrl\":\"https:\/\/digitaladvantage.com.tr\/en\/wp-content\/uploads\/2023\/10\/logo-1.png\",\"width\":512,\"height\":375,\"caption\":\"Digital Advantage Agency\"},\"image\":{\"@id\":\"https:\/\/digitaladvantage.com.tr\/en\/#\/schema\/logo\/image\/\"}}]}<\/script>\n<!-- \/ Yoast SEO plugin. -->","yoast_head_json":{"title":"About - Digital Advantage Agency","robots":{"index":"index","follow":"follow","max-snippet":"max-snippet:-1","max-image-preview":"max-image-preview:large","max-video-preview":"max-video-preview:-1"},"canonical":"https:\/\/digitaladvantage.com.tr\/en\/about\/","og_locale":"en_US","og_type":"article","og_title":"About - Digital Advantage Agency","og_description":"WE&#8217;RE HERE FOR YOU! Advantage Digital Agency is a digital marketing agency with over 10 years of experience, serving countries worldwide, including Turkey, Germany, the United Kingdom, and the United States. We specialize in helping businesses of all sizes reach their marketing goals through innovative digital strategies and tactics. Our...","og_url":"https:\/\/digitaladvantage.com.tr\/en\/about\/","og_site_name":"Digital Advantage Agency","article_modified_time":"2024-11-04T12:05:41+00:00","twitter_card":"summary_large_image","twitter_misc":{"Est. reading time":"1 minute"},"schema":{"@context":"https:\/\/schema.org","@graph":[{"@type":"WebPage","@id":"https:\/\/digitaladvantage.com.tr\/en\/about\/","url":"https:\/\/digitaladvantage.com.tr\/en\/about\/","name":"About - Digital Advantage Agency","isPartOf":{"@id":"https:\/\/digitaladvantage.com.tr\/en\/#website"},"datePublished":"2023-02-18T14:44:23+00:00","dateModified":"2024-11-04T12:05:41+00:00","breadcrumb":{"@id":"https:\/\/digitaladvantage.com.tr\/en\/about\/#breadcrumb"},"inLanguage":"en-US","potentialAction":[{"@type":"ReadAction","target":["https:\/\/digitaladvantage.com.tr\/en\/about\/"]}]},{"@type":"BreadcrumbList","@id":"https:\/\/digitaladvantage.com.tr\/en\/about\/#breadcrumb","itemListElement":[{"@type":"ListItem","position":1,"name":"Home","item":"https:\/\/digitaladvantage.com.tr\/en\/"},{"@type":"ListItem","position":2,"name":"About"}]},{"@type":"WebSite","@id":"https:\/\/digitaladvantage.com.tr\/en\/#website","url":"https:\/\/digitaladvantage.com.tr\/en\/","name":"Digital Advantage Agency","description":"","publisher":{"@id":"https:\/\/digitaladvantage.com.tr\/en\/#organization"},"potentialAction":[{"@type":"SearchAction","target":{"@type":"EntryPoint","urlTemplate":"https:\/\/digitaladvantage.com.tr\/en\/?s={search_term_string}"},"query-input":{"@type":"PropertyValueSpecification","valueRequired":true,"valueName":"search_term_string"}}],"inLanguage":"en-US"},{"@type":"Organization","@id":"https:\/\/digitaladvantage.com.tr\/en\/#organization","name":"Digital Advantage Agency","url":"https:\/\/digitaladvantage.com.tr\/en\/","logo":{"@type":"ImageObject","inLanguage":"en-US","@id":"https:\/\/digitaladvantage.com.tr\/en\/#\/schema\/logo\/image\/","url":"https:\/\/digitaladvantage.com.tr\/en\/wp-content\/uploads\/2023\/10\/logo-1.png","contentUrl":"https:\/\/digitaladvantage.com.tr\/en\/wp-content\/uploads\/2023\/10\/logo-1.png","width":512,"height":375,"caption":"Digital Advantage Agency"},"image":{"@id":"https:\/\/digitaladvantage.com.tr\/en\/#\/schema\/logo\/image\/"}}]}},"_links":{"self":[{"href":"https:\/\/digitaladvantage.com.tr\/en\/wp-json\/wp\/v2\/pages\/1277","targetHints":{"allow":["GET"]}}],"collection":[{"href":"https:\/\/digitaladvantage.com.tr\/en\/wp-json\/wp\/v2\/pages"}],"about":[{"href":"https:\/\/digitaladvantage.com.tr\/en\/wp-json\/wp\/v2\/types\/page"}],"author":[{"embeddable":true,"href":"https:\/\/digitaladvantage.com.tr\/en\/wp-json\/wp\/v2\/users\/1"}],"replies":[{"embeddable":true,"href":"https:\/\/digitaladvantage.com.tr\/en\/wp-json\/wp\/v2\/comments?post=1277"}],"version-history":[{"count":12,"href":"https:\/\/digitaladvantage.com.tr\/en\/wp-json\/wp\/v2\/pages\/1277\/revisions"}],"predecessor-version":[{"id":12937,"href":"https:\/\/digitaladvantage.com.tr\/en\/wp-json\/wp\/v2\/pages\/1277\/revisions\/12937"}],"wp:attachment":[{"href":"https:\/\/digitaladvantage.com.tr\/en\/wp-json\/wp\/v2\/media?parent=1277"}],"curies":[{"name":"wp","href":"https:\/\/api.w.org\/{rel}","templated":true}]}}